{"id":3971,"date":"2023-09-11T14:01:13","date_gmt":"2023-09-11T13:01:13","guid":{"rendered":"https:\/\/majinn.si\/standort\/"},"modified":"2023-09-26T14:36:59","modified_gmt":"2023-09-26T13:36:59","slug":"standort","status":"publish","type":"page","link":"https:\/\/majinn.si\/de\/standort\/","title":{"rendered":"Standort"},"content":{"rendered":"\t\t<div data-elementor-type=\"wp-post\" data-elementor-id=\"3971\" class=\"elementor elementor-3971 elementor-3456\">\n\t\t\t\t\t\t<section class=\"elementor-section elementor-top-section elementor-element elementor-element-df28050 elementor-section-full_width elementor-section-height-default elementor-section-height-default\" data-id=\"df28050\" data-element_type=\"section\" id=\"e-vozila\">\n\t\t\t\t\t\t<div class=\"elementor-container elementor-column-gap-default\">\n\t\t\t\t\t<div class=\"elementor-column elementor-col-100 elementor-top-column elementor-element elementor-element-c6c8e17\" data-id=\"c6c8e17\" data-element_type=\"column\">\n\t\t\t<div class=\"elementor-widget-wrap elementor-element-populated\">\n\t\t\t\t\t\t<div class=\"elementor-element elementor-element-41b910b elementor-widget elementor-widget-thim-icon-box\" data-id=\"41b910b\" data-element_type=\"widget\" data-widget_type=\"thim-icon-box.default\">\n\t\t\t\t<div class=\"elementor-widget-container\">\n\t\t\t\t\t<div class=\"inner-box auto-hidden\"><div  class=\"wrapper-box-icon text-center   wrapper-line-heading\" ><div class=\"smicon-box iconbox-top\"><div class=\"content-inner\" ><div class=\"sc-heading article_heading\"><h3 class = \"heading__primary\" >Das Hotel Maj Inn ist mit \u00f6ffentlichen Verkehrsmitteln erreichbar.<\/h3><span class=\"line-heading\"><span><\/span><\/span><\/div><div class=\"desc-icon-box\"><div style=\"font-weight: normal;\"><p><b>Mit Bus<\/b>\n<br>\nMurska Sobota, weniger als 10 km von Moravske Toplice entfernt, verf\u00fcgt \u00fcber gute Busverbindungen zu gro\u00dfen St\u00e4dten in Slowenien, Kroatien und Ungarn. Es gibt auch recht gute Busverbindungen zwischen Lendava, Murska Sobota, Ljutomer und Gornja Radgona. \n<br>\nDer gr\u00f6\u00dfte Busbetreiber, der die Region mit anderen Teilen Sloweniens verbindet, ist \u201eAvtobusni promet Murska Sobota\u201c. Der Busbahnhof in Murska Sobota liegt im Stadtzentrum, in der N\u00e4he des Diana Hotels.\n<br>\nF\u00fcr Informationen und Busfahrpl\u00e4ne in Slowenien besuchen Sie bitte <a style=\"text-decoration: underline;\" href=\"https:\/\/www.ap-ljubljana.si\/\">www.ap-ljubljana.si<\/a>\nund f\u00fcr Murska Sobota besuchen Sie  <a style=\"text-decoration: underline;\" href=\"http:\/\/apms.si\/\">apms.si<\/a><\/p>\n\n<p><b>Mit Zug<\/b>\n<br>\nZ\u00fcge verkehren nach Murska Sobota und von dort aus gibt es organisierte Verbindungen mit lokalen Bussen nach Moravske Toplice. \n<br>\nZugfahrpl\u00e4ne f\u00fcr inl\u00e4ndische und internationale Reisen finden Sie unter <a style=\"text-decoration: underline;\" href=\"https:\/\/potniski.sz.si\/\">www.slo-zeleznice<\/a>.<\/p>\n<\/div><\/div><\/div><\/div><!--end smicon-box--><\/div><\/div><style>\n\t.smicon-read:hover{\n\t\tcolor: !important;\n\t\tbackground: !important;\n\t}\n\t.smicon-box .boxes-icon:hover{\n\t\tcolor: !important;\n\t\tborder-color: !important;\n\t\tbackground-color:  !important;\n\t}\n\t.smicon-box .boxes-icon:hover .icon i{\n\t\tcolor: !important;\n\t}\n<\/style>\t\t\t\t<\/div>\n\t\t\t\t<\/div>\n\t\t\t\t<div class=\"elementor-element elementor-element-b900a6e elementor-widget elementor-widget-text-editor\" data-id=\"b900a6e\" data-element_type=\"widget\" data-widget_type=\"text-editor.default\">\n\t\t\t\t<div class=\"elementor-widget-container\">\n\t\t\t\t\t\t\t\t\t<p><strong>Addresse:<br \/><\/strong>Kranj\u010deva ulica 5<br \/>9226 &#8211; Moravske Toplice<br \/>Slowenien<\/p><p><strong>Geografische Koordinaten<\/strong>:<br \/>Breitengrad: 46.685544<br \/>L\u00e4ngengrad: 16.216730<\/p>\t\t\t\t\t\t\t\t<\/div>\n\t\t\t\t<\/div>\n\t\t\t\t<div class=\"elementor-element elementor-element-4f215ad elementor-widget elementor-widget-image\" data-id=\"4f215ad\" data-element_type=\"widget\" data-widget_type=\"image.default\">\n\t\t\t\t<div class=\"elementor-widget-container\">\n\t\t\t\t\t\t\t\t\t\t\t\t\t\t\t<img fetchpriority=\"high\" decoding=\"async\" width=\"640\" height=\"377\" src=\"https:\/\/majinn.si\/wp-content\/uploads\/2023\/09\/majinn-zemljevid-1-1.jpg\" class=\"attachment-large size-large wp-image-4094\" alt=\"\" srcset=\"https:\/\/majinn.si\/wp-content\/uploads\/2023\/09\/majinn-zemljevid-1-1.jpg 772w, https:\/\/majinn.si\/wp-content\/uploads\/2023\/09\/majinn-zemljevid-1-1-300x177.jpg 300w, https:\/\/majinn.si\/wp-content\/uploads\/2023\/09\/majinn-zemljevid-1-1-768x453.jpg 768w\" sizes=\"(max-width: 640px) 100vw, 640px\" \/>\t\t\t\t\t\t\t\t\t\t\t\t\t\t\t<\/div>\n\t\t\t\t<\/div>\n\t\t\t\t<div class=\"elementor-element elementor-element-460cb27 elementor-align-center elementor-widget elementor-widget-button\" data-id=\"460cb27\" data-element_type=\"widget\" data-widget_type=\"button.default\">\n\t\t\t\t<div class=\"elementor-widget-container\">\n\t\t\t\t\t\t\t\t\t<div class=\"elementor-button-wrapper\">\n\t\t\t\t\t<a class=\"elementor-button elementor-button-link elementor-size-lg\" href=\"https:\/\/maps.app.goo.gl\/qgAPzHiErwBYYc1D9\" target=\"_blank\">\n\t\t\t\t\t\t<span class=\"elementor-button-content-wrapper\">\n\t\t\t\t\t\t\t\t\t<span class=\"elementor-button-text\">STANDORT IN GOOGLE MAPS ANZEIGEN <\/span>\n\t\t\t\t\t<\/span>\n\t\t\t\t\t<\/a>\n\t\t\t\t<\/div>\n\t\t\t\t\t\t\t\t<\/div>\n\t\t\t\t<\/div>\n\t\t\t\t\t<\/div>\n\t\t<\/div>\n\t\t\t\t\t<\/div>\n\t\t<\/section>\n\t\t\t\t<\/div>\n\t\t","protected":false},"excerpt":{"rendered":"<p>Das Hotel Maj Inn ist mit \u00f6ffentlichen Verkehrsmitteln erreichbar. Mit Bus Murska Sobota, weniger als 10 km von Moravske Toplice entfernt, verf\u00fcgt \u00fcber gute Busverbindungen zu gro\u00dfen St\u00e4dten in Slowenien, Kroatien und Ungarn. Es gibt auch recht gute Busverbindungen zwischen Lendava, Murska Sobota, Ljutomer und Gornja Radgona. Der gr\u00f6\u00dfte Busbetreiber, der die Region mit anderen [&hellip;]<\/p>\n","protected":false},"author":1,"featured_media":0,"parent":0,"menu_order":0,"comment_status":"closed","ping_status":"closed","template":"","meta":{"inline_featured_image":false,"footnotes":""},"class_list":["post-3971","page","type-page","status-publish","hentry"],"yoast_head":"<!-- This site is optimized with the Yoast SEO plugin v26.8 - https:\/\/yoast.com\/product\/yoast-seo-wordpress\/ -->\n<title>Standort - Maj Inn hotel<\/title>\n<meta name=\"robots\" content=\"index, follow, max-snippet:-1, max-image-preview:large, max-video-preview:-1\" \/>\n<link rel=\"canonical\" href=\"https:\/\/majinn.si\/de\/standort\/\" \/>\n<meta property=\"og:locale\" content=\"de_DE\" \/>\n<meta property=\"og:type\" content=\"article\" \/>\n<meta property=\"og:title\" content=\"Standort - Maj Inn hotel\" \/>\n<meta property=\"og:description\" content=\"Das Hotel Maj Inn ist mit \u00f6ffentlichen Verkehrsmitteln erreichbar. Mit Bus Murska Sobota, weniger als 10 km von Moravske Toplice entfernt, verf\u00fcgt \u00fcber gute Busverbindungen zu gro\u00dfen St\u00e4dten in Slowenien, Kroatien und Ungarn. Es gibt auch recht gute Busverbindungen zwischen Lendava, Murska Sobota, Ljutomer und Gornja Radgona. Der gr\u00f6\u00dfte Busbetreiber, der die Region mit anderen [&hellip;]\" \/>\n<meta property=\"og:url\" content=\"https:\/\/majinn.si\/de\/standort\/\" \/>\n<meta property=\"og:site_name\" content=\"Maj Inn hotel\" \/>\n<meta property=\"article:publisher\" content=\"https:\/\/www.facebook.com\/Hotel.MajInn\/\" \/>\n<meta property=\"article:modified_time\" content=\"2023-09-26T13:36:59+00:00\" \/>\n<meta property=\"og:image\" content=\"https:\/\/majinn.si\/wp-content\/uploads\/2023\/09\/majinn-zemljevid-1-1.jpg\" \/>\n<meta name=\"twitter:card\" content=\"summary_large_image\" \/>\n<meta name=\"twitter:label1\" content=\"Gesch\u00e4tzte Lesezeit\" \/>\n\t<meta name=\"twitter:data1\" content=\"2\u00a0Minuten\" \/>\n<script type=\"application\/ld+json\" class=\"yoast-schema-graph\">{\"@context\":\"https:\/\/schema.org\",\"@graph\":[{\"@type\":\"WebPage\",\"@id\":\"https:\/\/majinn.si\/de\/standort\/\",\"url\":\"https:\/\/majinn.si\/de\/standort\/\",\"name\":\"Standort - Maj Inn hotel\",\"isPartOf\":{\"@id\":\"https:\/\/majinn.si\/de\/#website\"},\"primaryImageOfPage\":{\"@id\":\"https:\/\/majinn.si\/de\/standort\/#primaryimage\"},\"image\":{\"@id\":\"https:\/\/majinn.si\/de\/standort\/#primaryimage\"},\"thumbnailUrl\":\"https:\/\/majinn.si\/wp-content\/uploads\/2023\/09\/majinn-zemljevid-1-1.jpg\",\"datePublished\":\"2023-09-11T13:01:13+00:00\",\"dateModified\":\"2023-09-26T13:36:59+00:00\",\"breadcrumb\":{\"@id\":\"https:\/\/majinn.si\/de\/standort\/#breadcrumb\"},\"inLanguage\":\"de\",\"potentialAction\":[{\"@type\":\"ReadAction\",\"target\":[\"https:\/\/majinn.si\/de\/standort\/\"]}]},{\"@type\":\"ImageObject\",\"inLanguage\":\"de\",\"@id\":\"https:\/\/majinn.si\/de\/standort\/#primaryimage\",\"url\":\"https:\/\/majinn.si\/wp-content\/uploads\/2023\/09\/majinn-zemljevid-1-1.jpg\",\"contentUrl\":\"https:\/\/majinn.si\/wp-content\/uploads\/2023\/09\/majinn-zemljevid-1-1.jpg\"},{\"@type\":\"BreadcrumbList\",\"@id\":\"https:\/\/majinn.si\/de\/standort\/#breadcrumb\",\"itemListElement\":[{\"@type\":\"ListItem\",\"position\":1,\"name\":\"Home\",\"item\":\"https:\/\/majinn.si\/de\/\"},{\"@type\":\"ListItem\",\"position\":2,\"name\":\"Standort\"}]},{\"@type\":\"WebSite\",\"@id\":\"https:\/\/majinn.si\/de\/#website\",\"url\":\"https:\/\/majinn.si\/de\/\",\"name\":\"Maj Inn hotel\",\"description\":\"Hotel\",\"publisher\":{\"@id\":\"https:\/\/majinn.si\/de\/#organization\"},\"potentialAction\":[{\"@type\":\"SearchAction\",\"target\":{\"@type\":\"EntryPoint\",\"urlTemplate\":\"https:\/\/majinn.si\/de\/?s={search_term_string}\"},\"query-input\":{\"@type\":\"PropertyValueSpecification\",\"valueRequired\":true,\"valueName\":\"search_term_string\"}}],\"inLanguage\":\"de\"},{\"@type\":\"Organization\",\"@id\":\"https:\/\/majinn.si\/de\/#organization\",\"name\":\"Maj Inn hotel\",\"alternateName\":\"Maj Inn Hotel\",\"url\":\"https:\/\/majinn.si\/de\/\",\"logo\":{\"@type\":\"ImageObject\",\"inLanguage\":\"de\",\"@id\":\"https:\/\/majinn.si\/de\/#\/schema\/logo\/image\/\",\"url\":\"https:\/\/majinn.si\/wp-content\/uploads\/2015\/09\/01-Logo.png\",\"contentUrl\":\"https:\/\/majinn.si\/wp-content\/uploads\/2015\/09\/01-Logo.png\",\"width\":501,\"height\":501,\"caption\":\"Maj Inn hotel\"},\"image\":{\"@id\":\"https:\/\/majinn.si\/de\/#\/schema\/logo\/image\/\"},\"sameAs\":[\"https:\/\/www.facebook.com\/Hotel.MajInn\/\"]}]}<\/script>\n<!-- \/ Yoast SEO plugin. -->","yoast_head_json":{"title":"Standort - Maj Inn hotel","robots":{"index":"index","follow":"follow","max-snippet":"max-snippet:-1","max-image-preview":"max-image-preview:large","max-video-preview":"max-video-preview:-1"},"canonical":"https:\/\/majinn.si\/de\/standort\/","og_locale":"de_DE","og_type":"article","og_title":"Standort - Maj Inn hotel","og_description":"Das Hotel Maj Inn ist mit \u00f6ffentlichen Verkehrsmitteln erreichbar. Mit Bus Murska Sobota, weniger als 10 km von Moravske Toplice entfernt, verf\u00fcgt \u00fcber gute Busverbindungen zu gro\u00dfen St\u00e4dten in Slowenien, Kroatien und Ungarn. Es gibt auch recht gute Busverbindungen zwischen Lendava, Murska Sobota, Ljutomer und Gornja Radgona. Der gr\u00f6\u00dfte Busbetreiber, der die Region mit anderen [&hellip;]","og_url":"https:\/\/majinn.si\/de\/standort\/","og_site_name":"Maj Inn hotel","article_publisher":"https:\/\/www.facebook.com\/Hotel.MajInn\/","article_modified_time":"2023-09-26T13:36:59+00:00","og_image":[{"url":"https:\/\/majinn.si\/wp-content\/uploads\/2023\/09\/majinn-zemljevid-1-1.jpg","type":"","width":"","height":""}],"twitter_card":"summary_large_image","twitter_misc":{"Gesch\u00e4tzte Lesezeit":"2\u00a0Minuten"},"schema":{"@context":"https:\/\/schema.org","@graph":[{"@type":"WebPage","@id":"https:\/\/majinn.si\/de\/standort\/","url":"https:\/\/majinn.si\/de\/standort\/","name":"Standort - Maj Inn hotel","isPartOf":{"@id":"https:\/\/majinn.si\/de\/#website"},"primaryImageOfPage":{"@id":"https:\/\/majinn.si\/de\/standort\/#primaryimage"},"image":{"@id":"https:\/\/majinn.si\/de\/standort\/#primaryimage"},"thumbnailUrl":"https:\/\/majinn.si\/wp-content\/uploads\/2023\/09\/majinn-zemljevid-1-1.jpg","datePublished":"2023-09-11T13:01:13+00:00","dateModified":"2023-09-26T13:36:59+00:00","breadcrumb":{"@id":"https:\/\/majinn.si\/de\/standort\/#breadcrumb"},"inLanguage":"de","potentialAction":[{"@type":"ReadAction","target":["https:\/\/majinn.si\/de\/standort\/"]}]},{"@type":"ImageObject","inLanguage":"de","@id":"https:\/\/majinn.si\/de\/standort\/#primaryimage","url":"https:\/\/majinn.si\/wp-content\/uploads\/2023\/09\/majinn-zemljevid-1-1.jpg","contentUrl":"https:\/\/majinn.si\/wp-content\/uploads\/2023\/09\/majinn-zemljevid-1-1.jpg"},{"@type":"BreadcrumbList","@id":"https:\/\/majinn.si\/de\/standort\/#breadcrumb","itemListElement":[{"@type":"ListItem","position":1,"name":"Home","item":"https:\/\/majinn.si\/de\/"},{"@type":"ListItem","position":2,"name":"Standort"}]},{"@type":"WebSite","@id":"https:\/\/majinn.si\/de\/#website","url":"https:\/\/majinn.si\/de\/","name":"Maj Inn hotel","description":"Hotel","publisher":{"@id":"https:\/\/majinn.si\/de\/#organization"},"potentialAction":[{"@type":"SearchAction","target":{"@type":"EntryPoint","urlTemplate":"https:\/\/majinn.si\/de\/?s={search_term_string}"},"query-input":{"@type":"PropertyValueSpecification","valueRequired":true,"valueName":"search_term_string"}}],"inLanguage":"de"},{"@type":"Organization","@id":"https:\/\/majinn.si\/de\/#organization","name":"Maj Inn hotel","alternateName":"Maj Inn Hotel","url":"https:\/\/majinn.si\/de\/","logo":{"@type":"ImageObject","inLanguage":"de","@id":"https:\/\/majinn.si\/de\/#\/schema\/logo\/image\/","url":"https:\/\/majinn.si\/wp-content\/uploads\/2015\/09\/01-Logo.png","contentUrl":"https:\/\/majinn.si\/wp-content\/uploads\/2015\/09\/01-Logo.png","width":501,"height":501,"caption":"Maj Inn hotel"},"image":{"@id":"https:\/\/majinn.si\/de\/#\/schema\/logo\/image\/"},"sameAs":["https:\/\/www.facebook.com\/Hotel.MajInn\/"]}]}},"_links":{"self":[{"href":"https:\/\/majinn.si\/de\/wp-json\/wp\/v2\/pages\/3971","targetHints":{"allow":["GET"]}}],"collection":[{"href":"https:\/\/majinn.si\/de\/wp-json\/wp\/v2\/pages"}],"about":[{"href":"https:\/\/majinn.si\/de\/wp-json\/wp\/v2\/types\/page"}],"author":[{"embeddable":true,"href":"https:\/\/majinn.si\/de\/wp-json\/wp\/v2\/users\/1"}],"replies":[{"embeddable":true,"href":"https:\/\/majinn.si\/de\/wp-json\/wp\/v2\/comments?post=3971"}],"version-history":[{"count":0,"href":"https:\/\/majinn.si\/de\/wp-json\/wp\/v2\/pages\/3971\/revisions"}],"wp:attachment":[{"href":"https:\/\/majinn.si\/de\/wp-json\/wp\/v2\/media?parent=3971"}],"curies":[{"name":"wp","href":"https:\/\/api.w.org\/{rel}","templated":true}]}}