{"id":4170,"date":"2023-08-28T07:23:29","date_gmt":"2023-08-28T05:23:29","guid":{"rendered":"https:\/\/majinn.si\/eu-ecolabel\/"},"modified":"2023-10-04T14:01:23","modified_gmt":"2023-10-04T13:01:23","slug":"eu-ecolabel","status":"publish","type":"page","link":"https:\/\/majinn.si\/de\/eu-ecolabel\/","title":{"rendered":"EU Ecolabel"},"content":{"rendered":"\t\t<div data-elementor-type=\"wp-post\" data-elementor-id=\"4170\" class=\"elementor elementor-4170 elementor-3371\">\n\t\t\t\t\t\t<section class=\"elementor-section elementor-top-section elementor-element elementor-element-df28050 elementor-section-full_width elementor-section-height-default elementor-section-height-default\" data-id=\"df28050\" data-element_type=\"section\" id=\"e-vozila\">\n\t\t\t\t\t\t<div class=\"elementor-container elementor-column-gap-default\">\n\t\t\t\t\t<div class=\"elementor-column elementor-col-100 elementor-top-column elementor-element elementor-element-c6c8e17\" data-id=\"c6c8e17\" data-element_type=\"column\">\n\t\t\t<div class=\"elementor-widget-wrap elementor-element-populated\">\n\t\t\t\t\t\t<div class=\"elementor-element elementor-element-41b910b elementor-widget elementor-widget-thim-icon-box\" data-id=\"41b910b\" data-element_type=\"widget\" data-widget_type=\"thim-icon-box.default\">\n\t\t\t\t<div class=\"elementor-widget-container\">\n\t\t\t\t\t<div class=\"inner-box auto-hidden\"><div  class=\"wrapper-box-icon text-center   wrapper-line-heading\" ><div class=\"smicon-box iconbox-top\"><div class=\"content-inner\" ><div class=\"sc-heading article_heading\"><h3 class = \"heading__primary\" >Empf\u00e4nger des EU Ecolabel-Zertifikats<\/h3><span class=\"line-heading\"><span><\/span><\/span><\/div><\/div><\/div><!--end smicon-box--><\/div><\/div><style>\n\t.smicon-read:hover{\n\t\tcolor: !important;\n\t\tbackground: !important;\n\t}\n\t.smicon-box .boxes-icon:hover{\n\t\tcolor: !important;\n\t\tborder-color: !important;\n\t\tbackground-color:  !important;\n\t}\n\t.smicon-box .boxes-icon:hover .icon i{\n\t\tcolor: !important;\n\t}\n<\/style>\t\t\t\t<\/div>\n\t\t\t\t<\/div>\n\t\t\t\t<section class=\"elementor-section elementor-inner-section elementor-element elementor-element-8f7fae3 elementor-section-boxed elementor-section-height-default elementor-section-height-default\" data-id=\"8f7fae3\" data-element_type=\"section\">\n\t\t\t\t\t\t<div class=\"elementor-container elementor-column-gap-default\">\n\t\t\t\t\t<div class=\"elementor-column elementor-col-50 elementor-inner-column elementor-element elementor-element-79fb52a\" data-id=\"79fb52a\" data-element_type=\"column\">\n\t\t\t<div class=\"elementor-widget-wrap elementor-element-populated\">\n\t\t\t\t\t\t<div class=\"elementor-element elementor-element-5889be4 elementor-widget elementor-widget-text-editor\" data-id=\"5889be4\" data-element_type=\"widget\" data-widget_type=\"text-editor.default\">\n\t\t\t\t<div class=\"elementor-widget-container\">\n\t\t\t\t\t\t\t\t\t<p>Im August 2022 erhielten wir das Umweltzertifikat EU Ecolabel, Registrierungsnummer SI\/051\/34.<\/p><p>Als sozial verantwortliches Unternehmen wirtschaften wir nach nachhaltigen Grunds\u00e4tzen und verpflichten uns zu einer kontinuierlichen Verbesserung der Nachhaltigkeit unseres Gesch\u00e4fts.<\/p><p><strong>Die Nachhaltigkeitspolitik unseres Unternehmens orientiert sich an den Grunds\u00e4tzen des EU-Umweltzeichens und umfasst folgende Bereiche<\/strong>:<br \/>a) Einf\u00fchrung \u00f6kologischer Ma\u00dfnahmen im Gesamtbetrieb der Unterkunft unter Ber\u00fccksichtigung der Grunds\u00e4tze des Triple-Ergebnis (Verantwortung gegen\u00fcber Menschen, gegen\u00fcber der Natur und gegen\u00fcber wirtschaftlichem Erfolg),<br \/>b) Einsparung von Strom und Energie zum Heizen und K\u00fchlen,<br \/>c) Wassersparen,<br \/>d) M\u00fclltrennung und Verhinderung seiner Entstehung,<br \/>e) optimierter Einsatz von Chemikalien und anderen umweltsch\u00e4dlichen Stoffen und<br \/>f) Ma\u00dfnahmen zugunsten der Umwelt, der lokalen Gemeinschaft, der Mitarbeiter und anderer sozialer Ma\u00dfnahmen.<\/p><p>Wir kl\u00e4ren unsere Mitarbeiter und G\u00e4ste \u00fcber die Bedeutung des Umweltschutzes auf.<br \/>Wann immer m\u00f6glich, versuchen wir auch andere Anbieter im lokalen Umfeld f\u00fcr das Umweltmanagement zu gewinnen.<\/p><p><strong>EU Ecolabel &#8211; Besser f\u00fcr Sie, besser f\u00fcr die Umwelt!<\/strong><\/p>\t\t\t\t\t\t\t\t<\/div>\n\t\t\t\t<\/div>\n\t\t\t\t\t<\/div>\n\t\t<\/div>\n\t\t\t\t<div class=\"elementor-column elementor-col-50 elementor-inner-column elementor-element elementor-element-05d8bf4\" data-id=\"05d8bf4\" data-element_type=\"column\">\n\t\t\t<div class=\"elementor-widget-wrap elementor-element-populated\">\n\t\t\t\t\t\t<div class=\"elementor-element elementor-element-7ecaab6 elementor-widget elementor-widget-image\" data-id=\"7ecaab6\" data-element_type=\"widget\" data-widget_type=\"image.default\">\n\t\t\t\t<div class=\"elementor-widget-container\">\n\t\t\t\t\t\t\t\t\t\t\t\t\t\t\t<img fetchpriority=\"high\" decoding=\"async\" width=\"300\" height=\"300\" src=\"https:\/\/majinn.si\/wp-content\/uploads\/2023\/08\/4b0e62cb7fc7a68c1563cbac6010e6e222129e6e-300x300.png\" class=\"attachment-medium size-medium wp-image-3724\" alt=\"\" srcset=\"https:\/\/majinn.si\/wp-content\/uploads\/2023\/08\/4b0e62cb7fc7a68c1563cbac6010e6e222129e6e-300x300.png 300w, https:\/\/majinn.si\/wp-content\/uploads\/2023\/08\/4b0e62cb7fc7a68c1563cbac6010e6e222129e6e-150x150.png 150w, https:\/\/majinn.si\/wp-content\/uploads\/2023\/08\/4b0e62cb7fc7a68c1563cbac6010e6e222129e6e-768x768.png 768w, https:\/\/majinn.si\/wp-content\/uploads\/2023\/08\/4b0e62cb7fc7a68c1563cbac6010e6e222129e6e-60x60.png 60w, https:\/\/majinn.si\/wp-content\/uploads\/2023\/08\/4b0e62cb7fc7a68c1563cbac6010e6e222129e6e.png 800w\" sizes=\"(max-width: 300px) 100vw, 300px\" \/>\t\t\t\t\t\t\t\t\t\t\t\t\t\t\t<\/div>\n\t\t\t\t<\/div>\n\t\t\t\t<div class=\"elementor-element elementor-element-198f2a6 elementor-widget elementor-widget-thim-icon-box\" data-id=\"198f2a6\" data-element_type=\"widget\" data-widget_type=\"thim-icon-box.default\">\n\t\t\t\t<div class=\"elementor-widget-container\">\n\t\t\t\t\t<div class=\"inner-box auto-hidden\"><div  class=\"wrapper-box-icon text-center  \" ><div class=\"smicon-box iconbox-top\"><div class=\"content-inner\" ><div class=\"sc-heading article_heading\"><h3 class = \"heading__primary\" >EU Ecolabel: SI\/051\/34<\/h3><\/div><div class=\"desc-icon-box\"><div style=\"font-weight: normal;\"><p><b>Damit unterst\u00fctzen wir die Mission des slowenischen Tourismus, \"mit der Natur voranzukommen\", und die Vision der \u201egr\u00fcnen Boutique-Gastfreundschaft\".<\/b<\/p>\n<\/div><\/div><\/div><\/div><!--end smicon-box--><\/div><\/div><style>\n\t.smicon-read:hover{\n\t\tcolor: !important;\n\t\tbackground: !important;\n\t}\n\t.smicon-box .boxes-icon:hover{\n\t\tcolor: !important;\n\t\tborder-color: !important;\n\t\tbackground-color:  !important;\n\t}\n\t.smicon-box .boxes-icon:hover .icon i{\n\t\tcolor: !important;\n\t}\n<\/style>\t\t\t\t<\/div>\n\t\t\t\t<\/div>\n\t\t\t\t\t<\/div>\n\t\t<\/div>\n\t\t\t\t\t<\/div>\n\t\t<\/section>\n\t\t\t\t\t<\/div>\n\t\t<\/div>\n\t\t\t\t\t<\/div>\n\t\t<\/section>\n\t\t\t\t<\/div>\n\t\t","protected":false},"excerpt":{"rendered":"<p>Empf\u00e4nger des EU Ecolabel-Zertifikats Im August 2022 erhielten wir das Umweltzertifikat EU Ecolabel, Registrierungsnummer SI\/051\/34. Als sozial verantwortliches Unternehmen wirtschaften wir nach nachhaltigen Grunds\u00e4tzen und verpflichten uns zu einer kontinuierlichen Verbesserung der Nachhaltigkeit unseres Gesch\u00e4fts. Die Nachhaltigkeitspolitik unseres Unternehmens orientiert sich an den Grunds\u00e4tzen des EU-Umweltzeichens und umfasst folgende Bereiche:a) Einf\u00fchrung \u00f6kologischer Ma\u00dfnahmen im Gesamtbetrieb [&hellip;]<\/p>\n","protected":false},"author":1,"featured_media":0,"parent":0,"menu_order":0,"comment_status":"closed","ping_status":"closed","template":"","meta":{"inline_featured_image":false,"footnotes":""},"class_list":["post-4170","page","type-page","status-publish","hentry"],"yoast_head":"<!-- This site is optimized with the Yoast SEO plugin v26.8 - https:\/\/yoast.com\/product\/yoast-seo-wordpress\/ -->\n<title>EU Ecolabel - Maj Inn hotel<\/title>\n<meta name=\"robots\" content=\"index, follow, max-snippet:-1, max-image-preview:large, max-video-preview:-1\" \/>\n<link rel=\"canonical\" href=\"https:\/\/majinn.si\/de\/eu-ecolabel\/\" \/>\n<meta property=\"og:locale\" content=\"de_DE\" \/>\n<meta property=\"og:type\" content=\"article\" \/>\n<meta property=\"og:title\" content=\"EU Ecolabel - Maj Inn hotel\" \/>\n<meta property=\"og:description\" content=\"Empf\u00e4nger des EU Ecolabel-Zertifikats Im August 2022 erhielten wir das Umweltzertifikat EU Ecolabel, Registrierungsnummer SI\/051\/34. Als sozial verantwortliches Unternehmen wirtschaften wir nach nachhaltigen Grunds\u00e4tzen und verpflichten uns zu einer kontinuierlichen Verbesserung der Nachhaltigkeit unseres Gesch\u00e4fts. Die Nachhaltigkeitspolitik unseres Unternehmens orientiert sich an den Grunds\u00e4tzen des EU-Umweltzeichens und umfasst folgende Bereiche:a) Einf\u00fchrung \u00f6kologischer Ma\u00dfnahmen im Gesamtbetrieb [&hellip;]\" \/>\n<meta property=\"og:url\" content=\"https:\/\/majinn.si\/de\/eu-ecolabel\/\" \/>\n<meta property=\"og:site_name\" content=\"Maj Inn hotel\" \/>\n<meta property=\"article:publisher\" content=\"https:\/\/www.facebook.com\/Hotel.MajInn\/\" \/>\n<meta property=\"article:modified_time\" content=\"2023-10-04T13:01:23+00:00\" \/>\n<meta property=\"og:image\" content=\"https:\/\/majinn.si\/wp-content\/uploads\/2023\/08\/4b0e62cb7fc7a68c1563cbac6010e6e222129e6e-300x300.png\" \/>\n<meta name=\"twitter:card\" content=\"summary_large_image\" \/>\n<meta name=\"twitter:label1\" content=\"Gesch\u00e4tzte Lesezeit\" \/>\n\t<meta name=\"twitter:data1\" content=\"2\u00a0Minuten\" \/>\n<script type=\"application\/ld+json\" class=\"yoast-schema-graph\">{\"@context\":\"https:\/\/schema.org\",\"@graph\":[{\"@type\":\"WebPage\",\"@id\":\"https:\/\/majinn.si\/de\/eu-ecolabel\/\",\"url\":\"https:\/\/majinn.si\/de\/eu-ecolabel\/\",\"name\":\"EU Ecolabel - Maj Inn hotel\",\"isPartOf\":{\"@id\":\"https:\/\/majinn.si\/de\/#website\"},\"primaryImageOfPage\":{\"@id\":\"https:\/\/majinn.si\/de\/eu-ecolabel\/#primaryimage\"},\"image\":{\"@id\":\"https:\/\/majinn.si\/de\/eu-ecolabel\/#primaryimage\"},\"thumbnailUrl\":\"https:\/\/majinn.si\/wp-content\/uploads\/2023\/08\/4b0e62cb7fc7a68c1563cbac6010e6e222129e6e-300x300.png\",\"datePublished\":\"2023-08-28T05:23:29+00:00\",\"dateModified\":\"2023-10-04T13:01:23+00:00\",\"breadcrumb\":{\"@id\":\"https:\/\/majinn.si\/de\/eu-ecolabel\/#breadcrumb\"},\"inLanguage\":\"de\",\"potentialAction\":[{\"@type\":\"ReadAction\",\"target\":[\"https:\/\/majinn.si\/de\/eu-ecolabel\/\"]}]},{\"@type\":\"ImageObject\",\"inLanguage\":\"de\",\"@id\":\"https:\/\/majinn.si\/de\/eu-ecolabel\/#primaryimage\",\"url\":\"https:\/\/majinn.si\/wp-content\/uploads\/2023\/08\/4b0e62cb7fc7a68c1563cbac6010e6e222129e6e-300x300.png\",\"contentUrl\":\"https:\/\/majinn.si\/wp-content\/uploads\/2023\/08\/4b0e62cb7fc7a68c1563cbac6010e6e222129e6e-300x300.png\"},{\"@type\":\"BreadcrumbList\",\"@id\":\"https:\/\/majinn.si\/de\/eu-ecolabel\/#breadcrumb\",\"itemListElement\":[{\"@type\":\"ListItem\",\"position\":1,\"name\":\"Home\",\"item\":\"https:\/\/majinn.si\/de\/\"},{\"@type\":\"ListItem\",\"position\":2,\"name\":\"EU Ecolabel\"}]},{\"@type\":\"WebSite\",\"@id\":\"https:\/\/majinn.si\/de\/#website\",\"url\":\"https:\/\/majinn.si\/de\/\",\"name\":\"Maj Inn hotel\",\"description\":\"Hotel\",\"publisher\":{\"@id\":\"https:\/\/majinn.si\/de\/#organization\"},\"potentialAction\":[{\"@type\":\"SearchAction\",\"target\":{\"@type\":\"EntryPoint\",\"urlTemplate\":\"https:\/\/majinn.si\/de\/?s={search_term_string}\"},\"query-input\":{\"@type\":\"PropertyValueSpecification\",\"valueRequired\":true,\"valueName\":\"search_term_string\"}}],\"inLanguage\":\"de\"},{\"@type\":\"Organization\",\"@id\":\"https:\/\/majinn.si\/de\/#organization\",\"name\":\"Maj Inn hotel\",\"alternateName\":\"Maj Inn Hotel\",\"url\":\"https:\/\/majinn.si\/de\/\",\"logo\":{\"@type\":\"ImageObject\",\"inLanguage\":\"de\",\"@id\":\"https:\/\/majinn.si\/de\/#\/schema\/logo\/image\/\",\"url\":\"https:\/\/majinn.si\/wp-content\/uploads\/2015\/09\/01-Logo.png\",\"contentUrl\":\"https:\/\/majinn.si\/wp-content\/uploads\/2015\/09\/01-Logo.png\",\"width\":501,\"height\":501,\"caption\":\"Maj Inn hotel\"},\"image\":{\"@id\":\"https:\/\/majinn.si\/de\/#\/schema\/logo\/image\/\"},\"sameAs\":[\"https:\/\/www.facebook.com\/Hotel.MajInn\/\"]}]}<\/script>\n<!-- \/ Yoast SEO plugin. -->","yoast_head_json":{"title":"EU Ecolabel - Maj Inn hotel","robots":{"index":"index","follow":"follow","max-snippet":"max-snippet:-1","max-image-preview":"max-image-preview:large","max-video-preview":"max-video-preview:-1"},"canonical":"https:\/\/majinn.si\/de\/eu-ecolabel\/","og_locale":"de_DE","og_type":"article","og_title":"EU Ecolabel - Maj Inn hotel","og_description":"Empf\u00e4nger des EU Ecolabel-Zertifikats Im August 2022 erhielten wir das Umweltzertifikat EU Ecolabel, Registrierungsnummer SI\/051\/34. Als sozial verantwortliches Unternehmen wirtschaften wir nach nachhaltigen Grunds\u00e4tzen und verpflichten uns zu einer kontinuierlichen Verbesserung der Nachhaltigkeit unseres Gesch\u00e4fts. Die Nachhaltigkeitspolitik unseres Unternehmens orientiert sich an den Grunds\u00e4tzen des EU-Umweltzeichens und umfasst folgende Bereiche:a) Einf\u00fchrung \u00f6kologischer Ma\u00dfnahmen im Gesamtbetrieb [&hellip;]","og_url":"https:\/\/majinn.si\/de\/eu-ecolabel\/","og_site_name":"Maj Inn hotel","article_publisher":"https:\/\/www.facebook.com\/Hotel.MajInn\/","article_modified_time":"2023-10-04T13:01:23+00:00","og_image":[{"url":"https:\/\/majinn.si\/wp-content\/uploads\/2023\/08\/4b0e62cb7fc7a68c1563cbac6010e6e222129e6e-300x300.png","type":"","width":"","height":""}],"twitter_card":"summary_large_image","twitter_misc":{"Gesch\u00e4tzte Lesezeit":"2\u00a0Minuten"},"schema":{"@context":"https:\/\/schema.org","@graph":[{"@type":"WebPage","@id":"https:\/\/majinn.si\/de\/eu-ecolabel\/","url":"https:\/\/majinn.si\/de\/eu-ecolabel\/","name":"EU Ecolabel - Maj Inn hotel","isPartOf":{"@id":"https:\/\/majinn.si\/de\/#website"},"primaryImageOfPage":{"@id":"https:\/\/majinn.si\/de\/eu-ecolabel\/#primaryimage"},"image":{"@id":"https:\/\/majinn.si\/de\/eu-ecolabel\/#primaryimage"},"thumbnailUrl":"https:\/\/majinn.si\/wp-content\/uploads\/2023\/08\/4b0e62cb7fc7a68c1563cbac6010e6e222129e6e-300x300.png","datePublished":"2023-08-28T05:23:29+00:00","dateModified":"2023-10-04T13:01:23+00:00","breadcrumb":{"@id":"https:\/\/majinn.si\/de\/eu-ecolabel\/#breadcrumb"},"inLanguage":"de","potentialAction":[{"@type":"ReadAction","target":["https:\/\/majinn.si\/de\/eu-ecolabel\/"]}]},{"@type":"ImageObject","inLanguage":"de","@id":"https:\/\/majinn.si\/de\/eu-ecolabel\/#primaryimage","url":"https:\/\/majinn.si\/wp-content\/uploads\/2023\/08\/4b0e62cb7fc7a68c1563cbac6010e6e222129e6e-300x300.png","contentUrl":"https:\/\/majinn.si\/wp-content\/uploads\/2023\/08\/4b0e62cb7fc7a68c1563cbac6010e6e222129e6e-300x300.png"},{"@type":"BreadcrumbList","@id":"https:\/\/majinn.si\/de\/eu-ecolabel\/#breadcrumb","itemListElement":[{"@type":"ListItem","position":1,"name":"Home","item":"https:\/\/majinn.si\/de\/"},{"@type":"ListItem","position":2,"name":"EU Ecolabel"}]},{"@type":"WebSite","@id":"https:\/\/majinn.si\/de\/#website","url":"https:\/\/majinn.si\/de\/","name":"Maj Inn hotel","description":"Hotel","publisher":{"@id":"https:\/\/majinn.si\/de\/#organization"},"potentialAction":[{"@type":"SearchAction","target":{"@type":"EntryPoint","urlTemplate":"https:\/\/majinn.si\/de\/?s={search_term_string}"},"query-input":{"@type":"PropertyValueSpecification","valueRequired":true,"valueName":"search_term_string"}}],"inLanguage":"de"},{"@type":"Organization","@id":"https:\/\/majinn.si\/de\/#organization","name":"Maj Inn hotel","alternateName":"Maj Inn Hotel","url":"https:\/\/majinn.si\/de\/","logo":{"@type":"ImageObject","inLanguage":"de","@id":"https:\/\/majinn.si\/de\/#\/schema\/logo\/image\/","url":"https:\/\/majinn.si\/wp-content\/uploads\/2015\/09\/01-Logo.png","contentUrl":"https:\/\/majinn.si\/wp-content\/uploads\/2015\/09\/01-Logo.png","width":501,"height":501,"caption":"Maj Inn hotel"},"image":{"@id":"https:\/\/majinn.si\/de\/#\/schema\/logo\/image\/"},"sameAs":["https:\/\/www.facebook.com\/Hotel.MajInn\/"]}]}},"_links":{"self":[{"href":"https:\/\/majinn.si\/de\/wp-json\/wp\/v2\/pages\/4170","targetHints":{"allow":["GET"]}}],"collection":[{"href":"https:\/\/majinn.si\/de\/wp-json\/wp\/v2\/pages"}],"about":[{"href":"https:\/\/majinn.si\/de\/wp-json\/wp\/v2\/types\/page"}],"author":[{"embeddable":true,"href":"https:\/\/majinn.si\/de\/wp-json\/wp\/v2\/users\/1"}],"replies":[{"embeddable":true,"href":"https:\/\/majinn.si\/de\/wp-json\/wp\/v2\/comments?post=4170"}],"version-history":[{"count":0,"href":"https:\/\/majinn.si\/de\/wp-json\/wp\/v2\/pages\/4170\/revisions"}],"wp:attachment":[{"href":"https:\/\/majinn.si\/de\/wp-json\/wp\/v2\/media?parent=4170"}],"curies":[{"name":"wp","href":"https:\/\/api.w.org\/{rel}","templated":true}]}}