{"id":4484,"date":"2024-01-15T10:26:00","date_gmt":"2024-01-15T09:26:00","guid":{"rendered":"https:\/\/majinn.si\/buchungsaenderungsbedingungen\/"},"modified":"2024-01-15T10:55:18","modified_gmt":"2024-01-15T09:55:18","slug":"buchungsaenderungsbedingungen","status":"publish","type":"page","link":"https:\/\/majinn.si\/de\/buchungsaenderungsbedingungen\/","title":{"rendered":"Buchungs\u00e4nderungsbedingungen"},"content":{"rendered":"\r\n<h3 class=\"wp-block-heading\">Stornierungs- und Buchungs\u00e4nderungsbedingungen<\/h3>\r\n\r\n\r\n\r\n\r\n\r\n<h4 class=\"wp-block-heading\">\u00a0<\/h4>\r\n<h4>Kostenlose Stornierung<\/h4>\r\n\r\n\r\n\r\n<p>G\u00e4ste k\u00f6nnen Zimmerreservierungen bis zu 7 Tage vor dem voraussichtlichen Anreisetag kostenlos stornieren.<\/p>\r\n\r\n\r\n\r\n\r\n\r\n<h4 class=\"wp-block-heading\">Stornierung innerhalb von weniger als 7 Tagen<\/h4>\r\n\r\n\r\n\r\n<p>Bei Stornierung innerhalb von weniger als 7 Tagen vor der Anreise wird der Betrag der geleisteten Anzahlung in Rechnung gestellt.<\/p>\r\n\r\n\r\n\r\n<h4 class=\"wp-block-heading\">Besondere Bedingungen f\u00fcr Gruppenreservierungen<\/h4>\r\n\r\n\r\n\r\n<p>F\u00fcr Gruppenreservierungen (Buchung von 3 Zimmern oder mehr) gelten besondere Stornierungsbedingungen, die bei der Buchung angegeben werden und von den allgemeinen Bedingungen abweichen k\u00f6nnen.<\/p>\r\n\r\n\r\n\r\n\r\n\r\n<h4 class=\"wp-block-heading\">\u00c4nderungen der Reservierung<\/h4>\r\n\r\n\r\n\r\n<p>\u00c4nderungen des An- oder Abreisedatums sind je nach Verf\u00fcgbarkeit m\u00f6glich und m\u00fcssen sp\u00e4testens 48 Stunden vor der voraussichtlichen Ankunft mit dem Hotel abgestimmt werden.<\/p>\r\n\r\n\r\n\r\n\r\n\r\n<h4 class=\"wp-block-heading\">Best\u00e4tigung der Stornierung<\/h4>\r\n\r\n\r\n\r\n<p>Die Stornierung der Reservierung wird vom Hotel per E-Mail oder Telefon best\u00e4tigt, entsprechend den vom Gast bei der Buchung angegebenen Kontaktdaten.<\/p>\r\n<p>&nbsp;<\/p>\r\n\r\n\r\n","protected":false},"excerpt":{"rendered":"<p>Stornierungs- und Buchungs\u00e4nderungsbedingungen \u00a0 Kostenlose Stornierung G\u00e4ste k\u00f6nnen Zimmerreservierungen bis zu 7 Tage vor dem voraussichtlichen Anreisetag kostenlos stornieren. Stornierung innerhalb von weniger als 7 Tagen Bei Stornierung innerhalb von weniger als 7 Tagen vor der Anreise wird der Betrag der geleisteten Anzahlung in Rechnung gestellt. Besondere Bedingungen f\u00fcr Gruppenreservierungen F\u00fcr Gruppenreservierungen (Buchung von 3 [&hellip;]<\/p>\n","protected":false},"author":1,"featured_media":0,"parent":0,"menu_order":0,"comment_status":"closed","ping_status":"closed","template":"","meta":{"inline_featured_image":false,"footnotes":""},"class_list":["post-4484","page","type-page","status-publish","hentry"],"yoast_head":"<!-- This site is optimized with the Yoast SEO plugin v26.8 - https:\/\/yoast.com\/product\/yoast-seo-wordpress\/ -->\n<title>Buchungs\u00e4nderungsbedingungen - Maj Inn hotel<\/title>\n<meta name=\"robots\" content=\"index, follow, max-snippet:-1, max-image-preview:large, max-video-preview:-1\" \/>\n<link rel=\"canonical\" href=\"https:\/\/majinn.si\/de\/buchungsaenderungsbedingungen\/\" \/>\n<meta property=\"og:locale\" content=\"de_DE\" \/>\n<meta property=\"og:type\" content=\"article\" \/>\n<meta property=\"og:title\" content=\"Buchungs\u00e4nderungsbedingungen - Maj Inn hotel\" \/>\n<meta property=\"og:description\" content=\"Stornierungs- und Buchungs\u00e4nderungsbedingungen \u00a0 Kostenlose Stornierung G\u00e4ste k\u00f6nnen Zimmerreservierungen bis zu 7 Tage vor dem voraussichtlichen Anreisetag kostenlos stornieren. Stornierung innerhalb von weniger als 7 Tagen Bei Stornierung innerhalb von weniger als 7 Tagen vor der Anreise wird der Betrag der geleisteten Anzahlung in Rechnung gestellt. Besondere Bedingungen f\u00fcr Gruppenreservierungen F\u00fcr Gruppenreservierungen (Buchung von 3 [&hellip;]\" \/>\n<meta property=\"og:url\" content=\"https:\/\/majinn.si\/de\/buchungsaenderungsbedingungen\/\" \/>\n<meta property=\"og:site_name\" content=\"Maj Inn hotel\" \/>\n<meta property=\"article:publisher\" content=\"https:\/\/www.facebook.com\/Hotel.MajInn\/\" \/>\n<meta property=\"article:modified_time\" content=\"2024-01-15T09:55:18+00:00\" \/>\n<meta name=\"twitter:card\" content=\"summary_large_image\" \/>\n<meta name=\"twitter:label1\" content=\"Gesch\u00e4tzte Lesezeit\" \/>\n\t<meta name=\"twitter:data1\" content=\"1\u00a0Minute\" \/>\n<script type=\"application\/ld+json\" class=\"yoast-schema-graph\">{\"@context\":\"https:\/\/schema.org\",\"@graph\":[{\"@type\":\"WebPage\",\"@id\":\"https:\/\/majinn.si\/de\/buchungsaenderungsbedingungen\/\",\"url\":\"https:\/\/majinn.si\/de\/buchungsaenderungsbedingungen\/\",\"name\":\"Buchungs\u00e4nderungsbedingungen - Maj Inn hotel\",\"isPartOf\":{\"@id\":\"https:\/\/majinn.si\/de\/#website\"},\"datePublished\":\"2024-01-15T09:26:00+00:00\",\"dateModified\":\"2024-01-15T09:55:18+00:00\",\"breadcrumb\":{\"@id\":\"https:\/\/majinn.si\/de\/buchungsaenderungsbedingungen\/#breadcrumb\"},\"inLanguage\":\"de\",\"potentialAction\":[{\"@type\":\"ReadAction\",\"target\":[\"https:\/\/majinn.si\/de\/buchungsaenderungsbedingungen\/\"]}]},{\"@type\":\"BreadcrumbList\",\"@id\":\"https:\/\/majinn.si\/de\/buchungsaenderungsbedingungen\/#breadcrumb\",\"itemListElement\":[{\"@type\":\"ListItem\",\"position\":1,\"name\":\"Home\",\"item\":\"https:\/\/majinn.si\/de\/\"},{\"@type\":\"ListItem\",\"position\":2,\"name\":\"Buchungs\u00e4nderungsbedingungen\"}]},{\"@type\":\"WebSite\",\"@id\":\"https:\/\/majinn.si\/de\/#website\",\"url\":\"https:\/\/majinn.si\/de\/\",\"name\":\"Maj Inn hotel\",\"description\":\"Hotel\",\"publisher\":{\"@id\":\"https:\/\/majinn.si\/de\/#organization\"},\"potentialAction\":[{\"@type\":\"SearchAction\",\"target\":{\"@type\":\"EntryPoint\",\"urlTemplate\":\"https:\/\/majinn.si\/de\/?s={search_term_string}\"},\"query-input\":{\"@type\":\"PropertyValueSpecification\",\"valueRequired\":true,\"valueName\":\"search_term_string\"}}],\"inLanguage\":\"de\"},{\"@type\":\"Organization\",\"@id\":\"https:\/\/majinn.si\/de\/#organization\",\"name\":\"Maj Inn hotel\",\"alternateName\":\"Maj Inn Hotel\",\"url\":\"https:\/\/majinn.si\/de\/\",\"logo\":{\"@type\":\"ImageObject\",\"inLanguage\":\"de\",\"@id\":\"https:\/\/majinn.si\/de\/#\/schema\/logo\/image\/\",\"url\":\"https:\/\/majinn.si\/wp-content\/uploads\/2015\/09\/01-Logo.png\",\"contentUrl\":\"https:\/\/majinn.si\/wp-content\/uploads\/2015\/09\/01-Logo.png\",\"width\":501,\"height\":501,\"caption\":\"Maj Inn hotel\"},\"image\":{\"@id\":\"https:\/\/majinn.si\/de\/#\/schema\/logo\/image\/\"},\"sameAs\":[\"https:\/\/www.facebook.com\/Hotel.MajInn\/\"]}]}<\/script>\n<!-- \/ Yoast SEO plugin. -->","yoast_head_json":{"title":"Buchungs\u00e4nderungsbedingungen - Maj Inn hotel","robots":{"index":"index","follow":"follow","max-snippet":"max-snippet:-1","max-image-preview":"max-image-preview:large","max-video-preview":"max-video-preview:-1"},"canonical":"https:\/\/majinn.si\/de\/buchungsaenderungsbedingungen\/","og_locale":"de_DE","og_type":"article","og_title":"Buchungs\u00e4nderungsbedingungen - Maj Inn hotel","og_description":"Stornierungs- und Buchungs\u00e4nderungsbedingungen \u00a0 Kostenlose Stornierung G\u00e4ste k\u00f6nnen Zimmerreservierungen bis zu 7 Tage vor dem voraussichtlichen Anreisetag kostenlos stornieren. Stornierung innerhalb von weniger als 7 Tagen Bei Stornierung innerhalb von weniger als 7 Tagen vor der Anreise wird der Betrag der geleisteten Anzahlung in Rechnung gestellt. Besondere Bedingungen f\u00fcr Gruppenreservierungen F\u00fcr Gruppenreservierungen (Buchung von 3 [&hellip;]","og_url":"https:\/\/majinn.si\/de\/buchungsaenderungsbedingungen\/","og_site_name":"Maj Inn hotel","article_publisher":"https:\/\/www.facebook.com\/Hotel.MajInn\/","article_modified_time":"2024-01-15T09:55:18+00:00","twitter_card":"summary_large_image","twitter_misc":{"Gesch\u00e4tzte Lesezeit":"1\u00a0Minute"},"schema":{"@context":"https:\/\/schema.org","@graph":[{"@type":"WebPage","@id":"https:\/\/majinn.si\/de\/buchungsaenderungsbedingungen\/","url":"https:\/\/majinn.si\/de\/buchungsaenderungsbedingungen\/","name":"Buchungs\u00e4nderungsbedingungen - Maj Inn hotel","isPartOf":{"@id":"https:\/\/majinn.si\/de\/#website"},"datePublished":"2024-01-15T09:26:00+00:00","dateModified":"2024-01-15T09:55:18+00:00","breadcrumb":{"@id":"https:\/\/majinn.si\/de\/buchungsaenderungsbedingungen\/#breadcrumb"},"inLanguage":"de","potentialAction":[{"@type":"ReadAction","target":["https:\/\/majinn.si\/de\/buchungsaenderungsbedingungen\/"]}]},{"@type":"BreadcrumbList","@id":"https:\/\/majinn.si\/de\/buchungsaenderungsbedingungen\/#breadcrumb","itemListElement":[{"@type":"ListItem","position":1,"name":"Home","item":"https:\/\/majinn.si\/de\/"},{"@type":"ListItem","position":2,"name":"Buchungs\u00e4nderungsbedingungen"}]},{"@type":"WebSite","@id":"https:\/\/majinn.si\/de\/#website","url":"https:\/\/majinn.si\/de\/","name":"Maj Inn hotel","description":"Hotel","publisher":{"@id":"https:\/\/majinn.si\/de\/#organization"},"potentialAction":[{"@type":"SearchAction","target":{"@type":"EntryPoint","urlTemplate":"https:\/\/majinn.si\/de\/?s={search_term_string}"},"query-input":{"@type":"PropertyValueSpecification","valueRequired":true,"valueName":"search_term_string"}}],"inLanguage":"de"},{"@type":"Organization","@id":"https:\/\/majinn.si\/de\/#organization","name":"Maj Inn hotel","alternateName":"Maj Inn Hotel","url":"https:\/\/majinn.si\/de\/","logo":{"@type":"ImageObject","inLanguage":"de","@id":"https:\/\/majinn.si\/de\/#\/schema\/logo\/image\/","url":"https:\/\/majinn.si\/wp-content\/uploads\/2015\/09\/01-Logo.png","contentUrl":"https:\/\/majinn.si\/wp-content\/uploads\/2015\/09\/01-Logo.png","width":501,"height":501,"caption":"Maj Inn hotel"},"image":{"@id":"https:\/\/majinn.si\/de\/#\/schema\/logo\/image\/"},"sameAs":["https:\/\/www.facebook.com\/Hotel.MajInn\/"]}]}},"_links":{"self":[{"href":"https:\/\/majinn.si\/de\/wp-json\/wp\/v2\/pages\/4484","targetHints":{"allow":["GET"]}}],"collection":[{"href":"https:\/\/majinn.si\/de\/wp-json\/wp\/v2\/pages"}],"about":[{"href":"https:\/\/majinn.si\/de\/wp-json\/wp\/v2\/types\/page"}],"author":[{"embeddable":true,"href":"https:\/\/majinn.si\/de\/wp-json\/wp\/v2\/users\/1"}],"replies":[{"embeddable":true,"href":"https:\/\/majinn.si\/de\/wp-json\/wp\/v2\/comments?post=4484"}],"version-history":[{"count":2,"href":"https:\/\/majinn.si\/de\/wp-json\/wp\/v2\/pages\/4484\/revisions"}],"predecessor-version":[{"id":4486,"href":"https:\/\/majinn.si\/de\/wp-json\/wp\/v2\/pages\/4484\/revisions\/4486"}],"wp:attachment":[{"href":"https:\/\/majinn.si\/de\/wp-json\/wp\/v2\/media?parent=4484"}],"curies":[{"name":"wp","href":"https:\/\/api.w.org\/{rel}","templated":true}]}}